{"id":1011,"date":"2025-10-10T18:42:13","date_gmt":"2025-10-10T16:42:13","guid":{"rendered":"https:\/\/www.rw-fahrzeugteile.at\/?page_id=1011"},"modified":"2026-04-15T15:29:26","modified_gmt":"2026-04-15T13:29:26","slug":"home-landing-page-business-v3-2","status":"publish","type":"page","link":"https:\/\/www.rw-fahrzeugteile.at\/","title":{"rendered":"Home"},"content":{"rendered":"\t\t<div data-elementor-type=\"wp-page\" data-elementor-id=\"1011\" class=\"elementor elementor-1011\">\n\t\t\t\t<div class=\"elementor-element elementor-element-80eecce e-con-full e-flex wpr-particle-no wpr-jarallax-no wpr-sticky-section-no wpr-equal-height-no e-con e-parent\" data-id=\"80eecce\" data-element_type=\"container\" data-e-type=\"container\">\n\t\t<div class=\"elementor-element elementor-element-5b675bf e-con-full e-flex wpr-particle-no wpr-jarallax-no wpr-parallax-no wpr-sticky-section-no wpr-equal-height-no e-con e-child\" data-id=\"5b675bf\" data-element_type=\"container\" data-e-type=\"container\">\n\t\t\t\t<div class=\"elementor-element elementor-element-ca6bc62 wpr-button-icon-style-inline wpr-button-icon-position-right elementor-invisible elementor-widget elementor-widget-wpr-button\" data-id=\"ca6bc62\" data-element_type=\"widget\" data-e-type=\"widget\" data-settings=\"{&quot;_animation&quot;:&quot;zoomIn&quot;}\" data-widget_type=\"wpr-button.default\">\n\t\t\t\t\t\t\n\t\t\t\n\t\t\n\t\t<div class=\"wpr-button-wrap elementor-clearfix\">\n\t\t<div class=\"wpr-button wpr-button-effect wpr-button-none\" data-text=\"\">\n\t\t\t\n\t\t\t<span class=\"wpr-button-content\">\n\t\t\t\t\t\t\t\t\t<span class=\"wpr-button-text\">Willkommen bei R&amp;W Fahrzeugteile<\/span>\n\t\t\t\t\t\t\t\t\n\t\t\t\t\t\t\t<\/span>\n\t\t<\/div>\n\n\t\t\t\t<\/div>\n\t\n\t\n\t\t\t\t\t<\/div>\n\t\t\t\t<div class=\"elementor-element elementor-element-96137aa elementor-widget elementor-widget-heading\" data-id=\"96137aa\" data-element_type=\"widget\" data-e-type=\"widget\" data-widget_type=\"heading.default\">\n\t\t\t\t\t<h2 class=\"elementor-heading-title elementor-size-default\"><span data-start=\"1835\" data-end=\"1893\" style=\"white-space: normal\">Alles rund um Fahrzeugersatzteile in Bruck an der Leitha<\/span><\/h2>\t\t\t\t<\/div>\n\t\t\t\t<div class=\"elementor-element elementor-element-f8179fc elementor-widget elementor-widget-text-editor\" data-id=\"f8179fc\" data-element_type=\"widget\" data-e-type=\"widget\" data-widget_type=\"text-editor.default\">\n\t\t\t\t\t\t\t\t\t<p data-start=\"1895\" data-end=\"2114\">Ihr Ansprechpartner f\u00fcr Fahrzeugersatzteile, Zubeh\u00f6r, \u00d6le, Kleinteile und vieles mehr. Bei uns erhalten Sie nicht nur die passenden Produkte f\u00fcr Ihr Fahrzeug, sondern auch pers\u00f6nliche Beratung und zuverl\u00e4ssigen Service.<\/p><p data-start=\"2116\" data-end=\"2232\">Ob f\u00fcr Wartung, Reparatur oder den t\u00e4glichen Bedarf \u2013 wir bieten Ihnen ein vielseitiges Sortiment rund ums Fahrzeug.<\/p>\t\t\t\t\t\t\t\t<\/div>\n\t\t\t\t<div class=\"elementor-element elementor-element-f826900 elementor-widget elementor-widget-heading\" data-id=\"f826900\" data-element_type=\"widget\" data-e-type=\"widget\" data-widget_type=\"heading.default\">\n\t\t\t\t\t<h3 class=\"elementor-heading-title elementor-size-default\">Unsere Leistungen auf einen Blick\n<\/h3>\t\t\t\t<\/div>\n\t\t\t\t<div class=\"elementor-element elementor-element-05af508 elementor-widget elementor-widget-text-editor\" data-id=\"05af508\" data-element_type=\"widget\" data-e-type=\"widget\" data-widget_type=\"text-editor.default\">\n\t\t\t\t\t\t\t\t\t<p>Fahrzeugersatzteile, Zubeh\u00f6r, \u00d6le, Kleinteile und vieles mehr \u2013 alles aus einer Hand. Pers\u00f6nlich, unkompliziert und direkt vor Ort.<\/p>\t\t\t\t\t\t\t\t<\/div>\n\t\t<div class=\"elementor-element elementor-element-8e9ea2d e-grid e-con-full wpr-particle-no wpr-jarallax-no wpr-parallax-no wpr-sticky-section-no wpr-equal-height-no e-con e-child\" data-id=\"8e9ea2d\" data-element_type=\"container\" data-e-type=\"container\">\n\t\t<div class=\"elementor-element elementor-element-91a0e65 e-con-full e-flex wpr-particle-no wpr-jarallax-no wpr-parallax-no wpr-sticky-section-no wpr-equal-height-no e-con e-child\" data-id=\"91a0e65\" data-element_type=\"container\" data-e-type=\"container\">\n\t\t\t\t<div class=\"elementor-element elementor-element-7effd3a elementor-widget elementor-widget-heading\" data-id=\"7effd3a\" data-element_type=\"widget\" data-e-type=\"widget\" data-widget_type=\"heading.default\">\n\t\t\t\t\t<h3 class=\"elementor-heading-title elementor-size-default\">\u00d6ffnungszeiten<\/h3>\t\t\t\t<\/div>\n\t\t\t\t<div class=\"elementor-element elementor-element-7d77a1e elementor-widget elementor-widget-text-editor\" data-id=\"7d77a1e\" data-element_type=\"widget\" data-e-type=\"widget\" data-widget_type=\"text-editor.default\">\n\t\t\t\t\t\t\t\t\t<p><strong data-start=\"2447\" data-end=\"2459\">Mo \u2013 Do:<\/strong> 15:00 \u2013 18:00 Uhr<br data-start=\"2477\" data-end=\"2480\" \/><strong data-start=\"2480\" data-end=\"2487\">Fr:<\/strong> 13:00 \u2013 18:00 Uhr<br data-start=\"2505\" data-end=\"2508\" \/><strong data-start=\"2508\" data-end=\"2515\">Sa:<\/strong> nach Vereinbarung<\/p>\t\t\t\t\t\t\t\t<\/div>\n\t\t\t\t<\/div>\n\t\t<div class=\"elementor-element elementor-element-6bc3092 e-con-full e-flex wpr-particle-no wpr-jarallax-no wpr-parallax-no wpr-sticky-section-no wpr-equal-height-no e-con e-child\" data-id=\"6bc3092\" data-element_type=\"container\" data-e-type=\"container\">\n\t\t\t\t<div class=\"elementor-element elementor-element-25c64cb elementor-widget elementor-widget-heading\" data-id=\"25c64cb\" data-element_type=\"widget\" data-e-type=\"widget\" data-widget_type=\"heading.default\">\n\t\t\t\t\t<h3 class=\"elementor-heading-title elementor-size-default\">Kontakt &amp; Standort\n<\/h3>\t\t\t\t<\/div>\n\t\t\t\t<div class=\"elementor-element elementor-element-5a38323 elementor-widget elementor-widget-text-editor\" data-id=\"5a38323\" data-element_type=\"widget\" data-e-type=\"widget\" data-widget_type=\"text-editor.default\">\n\t\t\t\t\t\t\t\t\t<p><strong data-start=\"2558\" data-end=\"2570\">Telefon:<\/strong> <a href=\"tel: +43 677 6208 0090\">+43 677 6208 0090<\/a><br data-start=\"2581\" data-end=\"2584\" \/><strong data-start=\"2584\" data-end=\"2596\">Adresse:<\/strong> Alter Hainburger Weg 4a, 2460 Bruck an der Leitha<\/p>\t\t\t\t\t\t\t\t<\/div>\n\t\t\t\t<div class=\"elementor-element elementor-element-156067f elementor-widget elementor-widget-button\" data-id=\"156067f\" data-element_type=\"widget\" data-e-type=\"widget\" data-widget_type=\"button.default\">\n\t\t\t\t\t\t\t\t\t\t<a class=\"elementor-button elementor-button-link elementor-size-sm\" href=\"https:\/\/maps.app.goo.gl\/zHuHUitSDHDuUvS67\">\n\t\t\t\t\t\t<span class=\"elementor-button-content-wrapper\">\n\t\t\t\t\t\t<span class=\"elementor-button-icon\">\n\t\t\t\t<svg aria-hidden=\"true\" class=\"e-font-icon-svg e-fas-map-marked-alt\" viewBox=\"0 0 576 512\" xmlns=\"http:\/\/www.w3.org\/2000\/svg\"><path d=\"M288 0c-69.59 0-126 56.41-126 126 0 56.26 82.35 158.8 113.9 196.02 6.39 7.54 17.82 7.54 24.2 0C331.65 284.8 414 182.26 414 126 414 56.41 357.59 0 288 0zm0 168c-23.2 0-42-18.8-42-42s18.8-42 42-42 42 18.8 42 42-18.8 42-42 42zM20.12 215.95A32.006 32.006 0 0 0 0 245.66v250.32c0 11.32 11.43 19.06 21.94 14.86L160 448V214.92c-8.84-15.98-16.07-31.54-21.25-46.42L20.12 215.95zM288 359.67c-14.07 0-27.38-6.18-36.51-16.96-19.66-23.2-40.57-49.62-59.49-76.72v182l192 64V266c-18.92 27.09-39.82 53.52-59.49 76.72-9.13 10.77-22.44 16.95-36.51 16.95zm266.06-198.51L416 224v288l139.88-55.95A31.996 31.996 0 0 0 576 426.34V176.02c0-11.32-11.43-19.06-21.94-14.86z\"><\/path><\/svg>\t\t\t<\/span>\n\t\t\t\t\t\t\t\t\t<span class=\"elementor-button-text\">Route<\/span>\n\t\t\t\t\t<\/span>\n\t\t\t\t\t<\/a>\n\t\t\t\t\t\t\t\t<\/div>\n\t\t\t\t<\/div>\n\t\t\t\t<\/div>\n\t\t\t\t<\/div>\n\t\t\t\t<div class=\"elementor-element elementor-element-a48d2d6 elementor-widget elementor-widget-heading\" data-id=\"a48d2d6\" data-element_type=\"widget\" data-e-type=\"widget\" data-widget_type=\"heading.default\">\n\t\t\t\t\t<h3 class=\"elementor-heading-title elementor-size-default\">Jetzt vorbeikommen\n<\/h3>\t\t\t\t<\/div>\n\t\t\t\t<div class=\"elementor-element elementor-element-71c88dd elementor-widget elementor-widget-text-editor\" data-id=\"71c88dd\" data-element_type=\"widget\" data-e-type=\"widget\" data-widget_type=\"text-editor.default\">\n\t\t\t\t\t\t\t\t\t<p>Wir freuen uns darauf, Sie pers\u00f6nlich bei uns begr\u00fc\u00dfen zu d\u00fcrfen und Ihnen mit den passenden Produkten und der richtigen Beratung weiterzuhelfen.<\/p>\t\t\t\t\t\t\t\t<\/div>\n\t\t\t\t<\/div>\n\t\t\t\t<\/div>\n\t\t","protected":false},"excerpt":{"rendered":"<p>Willkommen bei R&amp;W Fahrzeugteile Alles rund um Fahrzeugersatzteile in Bruck an der Leitha Ihr Ansprechpartner f\u00fcr Fahrzeugersatzteile, Zubeh\u00f6r, \u00d6le, Kleinteile und vieles mehr. Bei uns erhalten Sie nicht nur die passenden Produkte f\u00fcr Ihr Fahrzeug, sondern auch pers\u00f6nliche Beratung und zuverl\u00e4ssigen Service. Ob f\u00fcr Wartung, Reparatur oder den t\u00e4glichen Bedarf \u2013 wir bieten Ihnen ein vielseitiges Sortiment rund ums Fahrzeug. Unsere Leistungen auf einen Blick Fahrzeugersatzteile, Zubeh\u00f6r, \u00d6le, Kleinteile und vieles mehr \u2013 alles aus einer Hand. Pers\u00f6nlich, unkompliziert und direkt vor Ort. \u00d6ffnungszeiten Mo \u2013 Do: 15:00 \u2013 18:00 UhrFr: 13:00 \u2013 18:00 UhrSa: nach Vereinbarung Kontakt &amp; Standort Telefon: +43 677 6208 0090Adresse: Alter Hainburger Weg 4a, 2460 Bruck an der Leitha Route Jetzt vorbeikommen Wir freuen uns darauf, Sie pers\u00f6nlich bei uns begr\u00fc\u00dfen zu d\u00fcrfen und Ihnen mit den passenden Produkten und der richtigen Beratung weiterzuhelfen.<\/p>\n","protected":false},"author":1,"featured_media":0,"parent":0,"menu_order":0,"comment_status":"closed","ping_status":"closed","template":"elementor_header_footer","meta":{"footnotes":""},"class_list":["post-1011","page","type-page","status-publish","hentry"],"_links":{"self":[{"href":"https:\/\/www.rw-fahrzeugteile.at\/index.php?rest_route=\/wp\/v2\/pages\/1011","targetHints":{"allow":["GET"]}}],"collection":[{"href":"https:\/\/www.rw-fahrzeugteile.at\/index.php?rest_route=\/wp\/v2\/pages"}],"about":[{"href":"https:\/\/www.rw-fahrzeugteile.at\/index.php?rest_route=\/wp\/v2\/types\/page"}],"author":[{"embeddable":true,"href":"https:\/\/www.rw-fahrzeugteile.at\/index.php?rest_route=\/wp\/v2\/users\/1"}],"replies":[{"embeddable":true,"href":"https:\/\/www.rw-fahrzeugteile.at\/index.php?rest_route=%2Fwp%2Fv2%2Fcomments&post=1011"}],"version-history":[{"count":93,"href":"https:\/\/www.rw-fahrzeugteile.at\/index.php?rest_route=\/wp\/v2\/pages\/1011\/revisions"}],"predecessor-version":[{"id":1124,"href":"https:\/\/www.rw-fahrzeugteile.at\/index.php?rest_route=\/wp\/v2\/pages\/1011\/revisions\/1124"}],"wp:attachment":[{"href":"https:\/\/www.rw-fahrzeugteile.at\/index.php?rest_route=%2Fwp%2Fv2%2Fmedia&parent=1011"}],"curies":[{"name":"wp","href":"https:\/\/api.w.org\/{rel}","templated":true}]}}